{"id":16522,"date":"2014-03-18T10:04:12","date_gmt":"2014-03-18T10:04:12","guid":{"rendered":"https:\/\/www.pexys.ch\/contact\/"},"modified":"2025-06-26T12:11:59","modified_gmt":"2025-06-26T10:11:59","slug":"contact","status":"publish","type":"page","link":"https:\/\/www.pexys.ch\/en\/contact\/","title":{"rendered":"Contact"},"content":{"rendered":"<div class=\"wpb-content-wrapper\"><p>[vc_row][vc_column width=&#8221;1\/2&#8243; offset=&#8221;vc_hidden-sm vc_hidden-xs&#8221;]<div id=\"ultimate-heading-110269f35e24aafb8\" class=\"uvc-heading ult-adjust-bottom-margin ultimate-heading-110269f35e24aafb8 uvc-3829 accent-border-color\" data-hspacer=\"no_spacer\"  data-halign=\"left\" style=\"text-align:left\"><div class=\"uvc-heading-spacer no_spacer\" style=\"top\"><\/div><div class=\"uvc-main-heading ult-responsive\"  data-ultimate-target='.uvc-heading.ultimate-heading-110269f35e24aafb8 h2'  data-responsive-json-new='{\"font-size\":\"desktop:24px;\",\"line-height\":\"desktop:34px;\"}' ><h2 style=\"font-weight:bold;margin-bottom:30px;\">Our agencies<\/h2><\/div><\/div>[vc_row_inner][vc_column_inner width=&#8221;1\/2&#8243;][vc_column_text css=&#8221;&#8221;]<\/p>\n<h4>PEXYS Switzerland<\/h4>\n<p>Quai du Rh\u00f4ne, 8<br \/>\nCH-1205 Gen\u00e8ve<br \/>\nT\u00e9l. +41 22 501 70 12<br \/>\n<a href=\"mailto:info@pexys.ch\">info@pexys.ch<\/a>[\/vc_column_text][\/vc_column_inner][vc_column_inner width=&#8221;1\/2&#8243;][vc_column_text]<\/p>\n<h4>PEXYS Monaco (MBS)<\/h4>\n<p>Stade Louis II<br \/>\n13 Avenue des Castellans<br \/>\nMC-98000 Monaco<br \/>\nT\u00e9l. +377 93 25 33 13<br \/>\n<a href=\"mailto:info@mbs.mc\">info@mbs.mc<\/a>[\/vc_column_text][\/vc_column_inner][\/vc_row_inner][vc_row_inner][vc_column_inner width=&#8221;1\/2&#8243;][vc_column_text]<\/p>\n<h4>PEXYS Haute-Savoie<\/h4>\n<p>Le Valtec<br \/>\n90 All\u00e9e de Glaisy<br \/>\nF-74300 &#8211; Thyez<br \/>\nT\u00e9l. +33 4 50 78 42 32<strong><br \/>\n<\/strong><a href=\"mailto:info@pexys.ch\">info@pexys.com<\/a>[\/vc_column_text][\/vc_column_inner][vc_column_inner width=&#8221;1\/2&#8243;][vc_column_text]<\/p>\n<h4>PEXYS Gex<\/h4>\n<p>Business Center<br \/>\n30 Rue Auguste Piccard<br \/>\nF-01630 Saint-Genis-Pouilly<br \/>\nT\u00e9l. +33 4 50 42 01 31<br \/>\n<a href=\"mailto:info@pexys.ch\">info@pexys.com<\/a>[\/vc_column_text][\/vc_column_inner][\/vc_row_inner][\/vc_column][vc_column width=&#8221;1\/2&#8243; offset=&#8221;vc_hidden-sm vc_hidden-xs&#8221;]<div id=\"ultimate-heading-747769f35e24ab093\" class=\"uvc-heading ult-adjust-bottom-margin ultimate-heading-747769f35e24ab093 uvc-813 accent-border-color\" data-hspacer=\"no_spacer\"  data-halign=\"center\" style=\"text-align:center\"><div class=\"uvc-heading-spacer no_spacer\" style=\"top\"><\/div><div class=\"uvc-main-heading ult-responsive\"  data-ultimate-target='.uvc-heading.ultimate-heading-747769f35e24ab093 h2'  data-responsive-json-new='{\"font-size\":\"desktop:24px;\",\"line-height\":\"desktop:34px;\"}' ><h2 style=\"font-weight:bold;margin-bottom:30px;\">Contact us !<\/h2><\/div><\/div>\n<div class=\"wpcf7 no-js\" id=\"wpcf7-f998-o1\" lang=\"en-US\" dir=\"ltr\" data-wpcf7-id=\"998\">\n<div class=\"screen-reader-response\"><p role=\"status\" aria-live=\"polite\" aria-atomic=\"true\"><\/p> <ul><\/ul><\/div>\n<form action=\"\/en\/wp-json\/wp\/v2\/pages\/16522#wpcf7-f998-o1\" method=\"post\" class=\"wpcf7-form init\" aria-label=\"Contact form\" novalidate=\"novalidate\" data-status=\"init\">\n<fieldset class=\"hidden-fields-container\"><input type=\"hidden\" name=\"_wpcf7\" value=\"998\" \/><input type=\"hidden\" name=\"_wpcf7_version\" value=\"6.1.5\" \/><input type=\"hidden\" name=\"_wpcf7_locale\" value=\"en_US\" \/><input type=\"hidden\" name=\"_wpcf7_unit_tag\" value=\"wpcf7-f998-o1\" \/><input type=\"hidden\" name=\"_wpcf7_container_post\" value=\"0\" \/><input type=\"hidden\" name=\"_wpcf7_posted_data_hash\" value=\"\" \/><input type=\"hidden\" name=\"_wpcf7_recaptcha_response\" value=\"\" \/>\n<\/fieldset>\n<div class=\"cforms\">\n\t<p><label class=\"input\"><span class=\"wpcf7-form-control-wrap\" data-name=\"your-name\"><input size=\"40\" maxlength=\"400\" class=\"wpcf7-form-control wpcf7-text wpcf7-validates-as-required\" aria-required=\"true\" aria-invalid=\"false\" placeholder=\"Nom *\" value=\"\" type=\"text\" name=\"your-name\" \/><\/span><\/label><br \/>\n<label class=\"input\"><span class=\"wpcf7-form-control-wrap\" data-name=\"your-email\"><input size=\"40\" maxlength=\"400\" class=\"wpcf7-form-control wpcf7-email wpcf7-validates-as-required wpcf7-text wpcf7-validates-as-email\" aria-required=\"true\" aria-invalid=\"false\" placeholder=\"Email *\" value=\"\" type=\"email\" name=\"your-email\" \/><\/span><\/label><br \/>\n<label class=\"input\"><span class=\"wpcf7-form-control-wrap\" data-name=\"your-phone\"><input size=\"40\" maxlength=\"400\" class=\"wpcf7-form-control wpcf7-text\" aria-invalid=\"false\" placeholder=\"T\u00e9l\u00e9phone\" value=\"\" type=\"text\" name=\"your-phone\" \/><\/span><\/label><br \/>\n<label class=\"textarea\"><span class=\"wpcf7-form-control-wrap\" data-name=\"your-message\"><textarea cols=\"40\" rows=\"10\" maxlength=\"2000\" class=\"wpcf7-form-control wpcf7-textarea\" aria-invalid=\"false\" placeholder=\"Message*\" name=\"your-message\"><\/textarea><\/span><\/label><br \/>\n<input class=\"wpcf7-form-control wpcf7-submit has-spinner button\" type=\"submit\" value=\"Envoyer\" \/>\n\t<\/p>\n<\/div><div class=\"wpcf7-response-output\" aria-hidden=\"true\"><\/div>\n<\/form>\n<\/div>\n[\/vc_column][\/vc_row][vc_row][vc_column offset=&#8221;vc_hidden-lg vc_hidden-md&#8221;]<div id=\"ultimate-heading-85569f35e24acdcb\" class=\"uvc-heading ult-adjust-bottom-margin ultimate-heading-85569f35e24acdcb uvc-6894 accent-border-color\" data-hspacer=\"no_spacer\"  data-halign=\"left\" style=\"text-align:left\"><div class=\"uvc-heading-spacer no_spacer\" style=\"top\"><\/div><div class=\"uvc-main-heading ult-responsive\"  data-ultimate-target='.uvc-heading.ultimate-heading-85569f35e24acdcb h2'  data-responsive-json-new='{\"font-size\":\"desktop:24px;\",\"line-height\":\"desktop:34px;\"}' ><h2 style=\"font-weight:bold;margin-bottom:30px;\">Our agencies<\/h2><\/div><\/div>[vc_row_inner][vc_column_inner width=&#8221;1\/3&#8243;][vc_column_text css=&#8221;&#8221;]<\/p>\n<h4>PEXYS Switzerland<\/h4>\n<p>Quai du Rh\u00f4ne, 8<br \/>\nCH-1205 Gen\u00e8ve<br \/>\nT\u00e9l. +41 22 501 70 12<br \/>\n<a href=\"mailto:info@pexys.ch\">info@pexys.ch<\/a>[\/vc_column_text][\/vc_column_inner][vc_column_inner width=&#8221;1\/3&#8243;][vc_column_text]<\/p>\n<h4>PEXYS Monaco (MBS)<\/h4>\n<p>13 Avenue des Castellans<br \/>\nMC-98000 Monaco<br \/>\nT\u00e9l. +377 93 25 33 13<br \/>\n<a href=\"mailto:info@mbs.mc\">info@mbs.mc<\/a>[\/vc_column_text][\/vc_column_inner][vc_column_inner width=&#8221;1\/3&#8243;][vc_column_text]<\/p>\n<h4>PEXYS Haute-Savoie<\/h4>\n<p>Le Valtec<br \/>\n90 All\u00e9e de Glaisy<br \/>\nF-74300 &#8211; Thyez<br \/>\nT\u00e9l. +33 4 50 78 42 32<strong><br \/>\n<\/strong><a href=\"mailto:info@pexys.ch\">info@pexys.com<\/a>[\/vc_column_text][\/vc_column_inner][\/vc_row_inner][vc_row_inner][vc_column_inner width=&#8221;1\/3&#8243;][vc_column_text]<\/p>\n<h4>PEXYS Gex<\/h4>\n<p>13, Chemin du Levant<br \/>\nF-01210 &#8211; Ferney-Voltaire<br \/>\nT\u00e9l. +33 4 50 42 01 31<br \/>\n<a href=\"mailto:info@pexys.ch\">info@pexys.com<\/a>[\/vc_column_text][\/vc_column_inner][\/vc_row_inner][vc_empty_space]<div id=\"ultimate-heading-562369f35e24ace82\" class=\"uvc-heading ult-adjust-bottom-margin ultimate-heading-562369f35e24ace82 uvc-5614 accent-border-color\" data-hspacer=\"no_spacer\"  data-halign=\"center\" style=\"text-align:center\"><div class=\"uvc-heading-spacer no_spacer\" style=\"top\"><\/div><div class=\"uvc-main-heading ult-responsive\"  data-ultimate-target='.uvc-heading.ultimate-heading-562369f35e24ace82 h2'  data-responsive-json-new='{\"font-size\":\"desktop:24px;\",\"line-height\":\"desktop:34px;\"}' ><h2 style=\"font-weight:bold;margin-bottom:30px;\">Contact us !<\/h2><\/div><\/div>\n<div class=\"wpcf7 no-js\" id=\"wpcf7-f998-o2\" lang=\"en-US\" dir=\"ltr\" data-wpcf7-id=\"998\">\n<div class=\"screen-reader-response\"><p role=\"status\" aria-live=\"polite\" aria-atomic=\"true\"><\/p> <ul><\/ul><\/div>\n<form action=\"\/en\/wp-json\/wp\/v2\/pages\/16522#wpcf7-f998-o2\" method=\"post\" class=\"wpcf7-form init\" aria-label=\"Contact form\" novalidate=\"novalidate\" data-status=\"init\">\n<fieldset class=\"hidden-fields-container\"><input type=\"hidden\" name=\"_wpcf7\" value=\"998\" \/><input type=\"hidden\" name=\"_wpcf7_version\" value=\"6.1.5\" \/><input type=\"hidden\" name=\"_wpcf7_locale\" value=\"en_US\" \/><input type=\"hidden\" name=\"_wpcf7_unit_tag\" value=\"wpcf7-f998-o2\" \/><input type=\"hidden\" name=\"_wpcf7_container_post\" value=\"0\" \/><input type=\"hidden\" name=\"_wpcf7_posted_data_hash\" value=\"\" \/><input type=\"hidden\" name=\"_wpcf7_recaptcha_response\" value=\"\" \/>\n<\/fieldset>\n<div class=\"cforms\">\n\t<p><label class=\"input\"><span class=\"wpcf7-form-control-wrap\" data-name=\"your-name\"><input size=\"40\" maxlength=\"400\" class=\"wpcf7-form-control wpcf7-text wpcf7-validates-as-required\" aria-required=\"true\" aria-invalid=\"false\" placeholder=\"Nom *\" value=\"\" type=\"text\" name=\"your-name\" \/><\/span><\/label><br \/>\n<label class=\"input\"><span class=\"wpcf7-form-control-wrap\" data-name=\"your-email\"><input size=\"40\" maxlength=\"400\" class=\"wpcf7-form-control wpcf7-email wpcf7-validates-as-required wpcf7-text wpcf7-validates-as-email\" aria-required=\"true\" aria-invalid=\"false\" placeholder=\"Email *\" value=\"\" type=\"email\" name=\"your-email\" \/><\/span><\/label><br \/>\n<label class=\"input\"><span class=\"wpcf7-form-control-wrap\" data-name=\"your-phone\"><input size=\"40\" maxlength=\"400\" class=\"wpcf7-form-control wpcf7-text\" aria-invalid=\"false\" placeholder=\"T\u00e9l\u00e9phone\" value=\"\" type=\"text\" name=\"your-phone\" \/><\/span><\/label><br \/>\n<label class=\"textarea\"><span class=\"wpcf7-form-control-wrap\" data-name=\"your-message\"><textarea cols=\"40\" rows=\"10\" maxlength=\"2000\" class=\"wpcf7-form-control wpcf7-textarea\" aria-invalid=\"false\" placeholder=\"Message*\" name=\"your-message\"><\/textarea><\/span><\/label><br \/>\n<input class=\"wpcf7-form-control wpcf7-submit has-spinner button\" type=\"submit\" value=\"Envoyer\" \/>\n\t<\/p>\n<\/div><div class=\"wpcf7-response-output\" aria-hidden=\"true\"><\/div>\n<\/form>\n<\/div>\n[\/vc_column][\/vc_row][vc_row][vc_column][vc_column_text]<br \/>\n[\/vc_column_text][\/vc_column][\/vc_row][vc_row type=&#8221;vc_default&#8221; full_width=&#8221;stretch_row_content_no_spaces&#8221; css=&#8221;.vc_custom_1523438847140{margin-bottom: 0px !important;padding-top: 50px !important;padding-bottom: 0px !important;}&#8221;][vc_column css=&#8221;.vc_custom_1523438934384{margin-bottom: 0px !important;padding-bottom: 0px !important;}&#8221;][vc_column_text css=&#8221;.vc_custom_1523525009622{margin-bottom: -10px !important;padding-bottom: -10px !important;}&#8221;]<iframe loading=\"lazy\" src=\"https:\/\/www.google.com\/maps\/d\/embed?mid=1gfBbXPrrlwYVNrPgMllpaNjx_lt90txY\" width=\"100%\" height=\"480\"><\/iframe>[\/vc_column_text][\/vc_column][\/vc_row]<\/p>\n<\/div>","protected":false},"excerpt":{"rendered":"<p>[vc_row][vc_column width=&#8221;1\/2&#8243; offset=&#8221;vc_hidden-sm vc_hidden-xs&#8221;][vc_row_inner][vc_column_inner width=&#8221;1\/2&#8243;][vc_column_text css=&#8221;&#8221;] PEXYS Switzerland Quai du Rh\u00f4ne, 8 CH-1205 Gen\u00e8ve T\u00e9l. +41 22 501 70 12 info@pexys.ch[\/vc_column_text][\/vc_column_inner][vc_column_inner width=&#8221;1\/2&#8243;][vc_column_text] PEXYS Monaco (MBS) Stade Louis II 13 Avenue des Castellans MC-98000 Monaco T\u00e9l. +377 93 25 33 13 info@mbs.mc[\/vc_column_text][\/vc_column_inner][\/vc_row_inner][vc_row_inner][vc_column_inner width=&#8221;1\/2&#8243;][vc_column_text] PEXYS Haute-Savoie Le Valtec 90 All\u00e9e de Glaisy F-74300 &#8211; Thyez T\u00e9l. +33&hellip;<\/p>\n","protected":false},"author":1,"featured_media":0,"parent":0,"menu_order":600,"comment_status":"closed","ping_status":"closed","template":"","meta":{"footnotes":""},"class_list":["post-16522","page","type-page","status-publish","hentry","description-off"],"_links":{"self":[{"href":"https:\/\/www.pexys.ch\/en\/wp-json\/wp\/v2\/pages\/16522","targetHints":{"allow":["GET"]}}],"collection":[{"href":"https:\/\/www.pexys.ch\/en\/wp-json\/wp\/v2\/pages"}],"about":[{"href":"https:\/\/www.pexys.ch\/en\/wp-json\/wp\/v2\/types\/page"}],"author":[{"embeddable":true,"href":"https:\/\/www.pexys.ch\/en\/wp-json\/wp\/v2\/users\/1"}],"replies":[{"embeddable":true,"href":"https:\/\/www.pexys.ch\/en\/wp-json\/wp\/v2\/comments?post=16522"}],"version-history":[{"count":3,"href":"https:\/\/www.pexys.ch\/en\/wp-json\/wp\/v2\/pages\/16522\/revisions"}],"predecessor-version":[{"id":17285,"href":"https:\/\/www.pexys.ch\/en\/wp-json\/wp\/v2\/pages\/16522\/revisions\/17285"}],"wp:attachment":[{"href":"https:\/\/www.pexys.ch\/en\/wp-json\/wp\/v2\/media?parent=16522"}],"curies":[{"name":"wp","href":"https:\/\/api.w.org\/{rel}","templated":true}]}}